{"id":108,"date":"2012-02-20T11:32:17","date_gmt":"2012-02-20T11:32:17","guid":{"rendered":"http:\/\/www.angela-martin.eu\/wp\/?page_id=108"},"modified":"2021-10-27T12:21:50","modified_gmt":"2021-10-27T12:21:50","slug":"zu-neuen-ufern","status":"publish","type":"page","link":"http:\/\/www.angela-martin.eu\/?page_id=108","title":{"rendered":"Zu neuen Ufern"},"content":{"rendered":"<h3>Zu neuen Ufern<\/h3>\n<p><strong>Wandlungen des Spreeraums zwischen Elsenbr\u00fccke und Schillingbr\u00fccke<\/strong><\/p>\n<p>Eine Ausstellung des Bezirksmuseums Friedrichshain-Kreuzberg im \u201eSpreeraum\u201c,<br \/>\nDoppelkaianlage am May-Ayim-Ufer 9<br \/>\nSommer 2010, 2011 und ab 4. Mai 2012, t\u00e4glich 10 &#8211; 24 Uhr<br \/>\nRecherche und Konzeption Angela Martin, Gestaltung Hanna Sj\u00f6berg<\/p>\n<p>Vor einigen Jahren haben internationale Projektentwickler die Spreeufer im Bezirk Friedrichshain-Kreuzberg entdeckt. Seither ver\u00e4ndert sich dort die Szenerie in rasantem Tempo. Doch schon fr\u00fcher war die Uferlandschaft zwischen Osthafen und Schillingbr\u00fccke tiefgreifenden Wandlungsprozessen unterworfen. Bis ins 19. Jahrhundert s\u00e4umten G\u00e4rtnereien und Textilmanufakturen den Fluss; wohlhabende Berliner:innen hatten hier ihre Sommerh\u00e4user. Mit der Industrialisierung \u00e4nderte die Gegend ihren Charakter. Gewerbeh\u00f6fe und Fabriken schossen aus dem Boden, Arbeiterviertel entstanden. Nach der Teilung der Stadt verfielen die Industriebauten, in die verlassenen Fabriketagen West-Berlins zogen K\u00fcnstler:innen und Studierende. Sie sind l\u00e4ngst von solventen Mieter:innen vor allem aus der&nbsp; IT- und Medienbranche vertrieben worden. Im Osthafen haben sich TV-, Musik- und Modefirmen angesiedelt.<\/p>\n<p>Bildreich und mit einigen kurzen Filmen zeigt die Ausstellung, wie aus der Auenlandschaft rund um die Oberbaumbr\u00fccke zun\u00e4chst die Industriespree und in den letzten Jahren die Mediaspree wurde. Und warum sich Widerstand gegen die Investorenpl\u00e4ne der j\u00fcngsten Zeit formierte.<\/p>\n","protected":false},"excerpt":{"rendered":"<p>Zu neuen Ufern Wandlungen des Spreeraums zwischen Elsenbr\u00fccke und Schillingbr\u00fccke Eine Ausstellung des Bezirksmuseums Friedrichshain-Kreuzberg im \u201eSpreeraum\u201c, Doppelkaianlage am May-Ayim-Ufer 9 Sommer 2010, 2011 und ab 4. Mai 2012, t\u00e4glich 10 &#8211; 24 Uhr Recherche und Konzeption Angela Martin, Gestaltung &hellip; <a href=\"http:\/\/www.angela-martin.eu\/?page_id=108\">Weiterlesen <span class=\"meta-nav\">&rarr;<\/span><\/a><\/p>\n","protected":false},"author":1,"featured_media":0,"parent":0,"menu_order":0,"comment_status":"closed","ping_status":"closed","template":"","meta":{"ngg_post_thumbnail":0},"_links":{"self":[{"href":"http:\/\/www.angela-martin.eu\/index.php?rest_route=\/wp\/v2\/pages\/108"}],"collection":[{"href":"http:\/\/www.angela-martin.eu\/index.php?rest_route=\/wp\/v2\/pages"}],"about":[{"href":"http:\/\/www.angela-martin.eu\/index.php?rest_route=\/wp\/v2\/types\/page"}],"author":[{"embeddable":true,"href":"http:\/\/www.angela-martin.eu\/index.php?rest_route=\/wp\/v2\/users\/1"}],"replies":[{"embeddable":true,"href":"http:\/\/www.angela-martin.eu\/index.php?rest_route=%2Fwp%2Fv2%2Fcomments&post=108"}],"version-history":[{"count":16,"href":"http:\/\/www.angela-martin.eu\/index.php?rest_route=\/wp\/v2\/pages\/108\/revisions"}],"predecessor-version":[{"id":662,"href":"http:\/\/www.angela-martin.eu\/index.php?rest_route=\/wp\/v2\/pages\/108\/revisions\/662"}],"wp:attachment":[{"href":"http:\/\/www.angela-martin.eu\/index.php?rest_route=%2Fwp%2Fv2%2Fmedia&parent=108"}],"curies":[{"name":"wp","href":"https:\/\/api.w.org\/{rel}","templated":true}]}}