{"id":416,"date":"2015-04-17T11:39:28","date_gmt":"2015-04-17T11:39:28","guid":{"rendered":"http:\/\/www.angela-martin.eu\/?page_id=416"},"modified":"2021-11-07T19:40:11","modified_gmt":"2021-11-07T19:40:11","slug":"kolonialismus-am-ufer","status":"publish","type":"page","link":"http:\/\/www.angela-martin.eu\/?page_id=416","title":{"rendered":"Kolonialgeschichte am Ufer"},"content":{"rendered":"<h3>Kolonialgeschichte am Ufer<\/h3>\n<p><strong>Von Gr\u00f6ben zu May Ayim<br \/>\n<\/strong><br \/>\nEine Ausstellung des Vereins zur Erforschung und Darstellung der Geschichte Kreuzbergs e.V. in Kooperation mit dem Friedrichshain-Kreuzberg Museum<br \/>\nRecherche und Konzept Angela Martin, Gestaltung Hanna Sj\u00f6berg<\/p>\n<p>Juli bis Oktober 2013 im Spreeraum, May-Ayim-Ufer 9, Berlin-Kreuzberg<br \/>\nDezember 2013 bis Februar 2014 in der Rosa-Luxemburg-Stiftung, Franz-Mehring-Platz 1, Berlin-Friedrichshain<br \/>\nM\u00e4rz und April 2014 in der Galerie Olga Benario, Richardstra\u00dfe 104, Berlin-Neuk\u00f6lln<\/p>\n<p>Die Ausstellung verfolgt Aspekte der deutschen Kolonialgeschichte, die mit Otto Friedrich von der Gr\u00f6ben im 17. Jahrhundert begann. Im Auftrag des brandenburgischen Kurf\u00fcrsten Friedrich Wilhelm gr\u00fcndete Gr\u00f6ben im heutigen Ghana das Fort Gro\u00dffriedrichsburg. Von dort aus verschleppte die Brandenburgisch-Afrikanische Compagnie unter dem Schutz des Kurf\u00fcrsten Tausende versklavte Menschen auf Zuckerplantagen in der Karibik.<\/p>\n<p>Im deutschen Kaiserreich wurden der \u201eGro\u00dfe Kurf\u00fcrst\u201d und Otto Friedrich von der Gr\u00f6ben als Vorbilder f\u00fcr eine neuerliche Expansionspolitik verehrt. 1895 sorgte Kaiser Wilhelm II. pers\u00f6nlich daf\u00fcr, dass eine Stra\u00dfe an der Spree den Namen Gr\u00f6benufer erhielt. Von dort aus fuhren 1896 Ausflugsschiffe zu der weltber\u00fchmten Berliner Gewerbeausstellung im Treptower Park, in die auch eine gro\u00dfe Kolonialausstellung integriert war. Deren von Rassismus und Exotismus gepr\u00e4gter Blick wirkt bis heute fort.<\/p>\n<p>Bis 2010 behielt das Gr\u00f6benufer seinen Namen. Die Umbenennung in May-Ayim-Ufer markiert den Beginn eines Paradigmenwechsels in der Berliner Erinnerungspolitik. Jetzt ehrt die Stra\u00dfe eine afro-deutsche Dichterin, P\u00e4dagogin und Aktivistin, die sich in ihren Aufs\u00e4tzen, wissenschaftlichen Arbeiten und Gedichten gegen rassistische Diskriminierung und die Folgen des Kolonialismus gewehrt hat.<\/p>\n","protected":false},"excerpt":{"rendered":"<p>Kolonialgeschichte am Ufer Von Gr\u00f6ben zu May Ayim Eine Ausstellung des Vereins zur Erforschung und Darstellung der Geschichte Kreuzbergs e.V. in Kooperation mit dem Friedrichshain-Kreuzberg Museum Recherche und Konzept Angela Martin, Gestaltung Hanna Sj\u00f6berg Juli bis Oktober 2013 im Spreeraum, &hellip; <a href=\"http:\/\/www.angela-martin.eu\/?page_id=416\">Weiterlesen <span class=\"meta-nav\">&rarr;<\/span><\/a><\/p>\n","protected":false},"author":2,"featured_media":0,"parent":0,"menu_order":0,"comment_status":"closed","ping_status":"closed","template":"","meta":{"ngg_post_thumbnail":0},"_links":{"self":[{"href":"http:\/\/www.angela-martin.eu\/index.php?rest_route=\/wp\/v2\/pages\/416"}],"collection":[{"href":"http:\/\/www.angela-martin.eu\/index.php?rest_route=\/wp\/v2\/pages"}],"about":[{"href":"http:\/\/www.angela-martin.eu\/index.php?rest_route=\/wp\/v2\/types\/page"}],"author":[{"embeddable":true,"href":"http:\/\/www.angela-martin.eu\/index.php?rest_route=\/wp\/v2\/users\/2"}],"replies":[{"embeddable":true,"href":"http:\/\/www.angela-martin.eu\/index.php?rest_route=%2Fwp%2Fv2%2Fcomments&post=416"}],"version-history":[{"count":18,"href":"http:\/\/www.angela-martin.eu\/index.php?rest_route=\/wp\/v2\/pages\/416\/revisions"}],"predecessor-version":[{"id":697,"href":"http:\/\/www.angela-martin.eu\/index.php?rest_route=\/wp\/v2\/pages\/416\/revisions\/697"}],"wp:attachment":[{"href":"http:\/\/www.angela-martin.eu\/index.php?rest_route=%2Fwp%2Fv2%2Fmedia&parent=416"}],"curies":[{"name":"wp","href":"https:\/\/api.w.org\/{rel}","templated":true}]}}