{"id":469,"date":"2021-10-04T09:41:10","date_gmt":"2021-10-04T09:41:10","guid":{"rendered":"http:\/\/www.angela-martin.eu\/?page_id=469"},"modified":"2021-10-27T12:40:26","modified_gmt":"2021-10-27T12:40:26","slug":"lektorat","status":"publish","type":"page","link":"http:\/\/www.angela-martin.eu\/?page_id=469","title":{"rendered":"Lektorate"},"content":{"rendered":"<h3>Lektorate<\/h3>\n<p><img decoding=\"async\" class=\"size-medium wp-image-476 alignleft\" src=\"http:\/\/www.angela-martin.eu\/wp\/wp-content\/uploads\/2021\/10\/euthanasie-209x300.jpg\" alt=\"Euthanasie\" width=\"110\" srcset=\"http:\/\/www.angela-martin.eu\/wp\/wp-content\/uploads\/2021\/10\/euthanasie-209x300.jpg 209w, http:\/\/www.angela-martin.eu\/wp\/wp-content\/uploads\/2021\/10\/euthanasie.jpg 300w\" sizes=\"(max-width: 209px) 100vw, 209px\" \/>Astrid Ley, Annette Hinz-Wessels (Hrsg.)<br \/>\n<strong>Die Euthanasie-Anstalt Brandenburg an der Havel<\/strong><br \/>\nMorde an Kranken und Behinderten im Nationalsozialismus<br \/>\nBerlin: Metropol 2012<br \/>\n<em>Lektorat des Katalogs<\/em><\/p>\n<p>&nbsp;<br \/>\n&nbsp;<\/p>\n<p><strong><img decoding=\"async\" loading=\"lazy\" class=\"alignleft size-medium wp-image-501\" src=\"http:\/\/www.angela-martin.eu\/wp\/wp-content\/uploads\/2021\/10\/KZ-Ravensbrueck-205x300.jpg\" alt=\"KZ Ravensbrueck\" width=\"110\" height=\"300\">Das Frauen-Konzentrationslager Ravensbr\u00fcck<br \/>\n<\/strong>Geschichte und Erinnerung<br \/>\nDauerausstellung im Geb\u00e4ude der ehemaligen Kommandantur<br \/>\nseit April 2013<br \/>\n<em>Lektorat der Ausstellung<\/em><\/p>\n<p>&nbsp;<br \/>\n&nbsp;<\/p>\n<p><img decoding=\"async\" class=\"size-medium wp-image-481 alignleft\" src=\"http:\/\/www.angela-martin.eu\/wp\/wp-content\/uploads\/2021\/10\/Teilnehmer-191x300.jpg\" alt=\"Teilnehmer\" width=\"110\" srcset=\"http:\/\/www.angela-martin.eu\/wp\/wp-content\/uploads\/2021\/10\/Teilnehmer-191x300.jpg 191w, http:\/\/www.angela-martin.eu\/wp\/wp-content\/uploads\/2021\/10\/Teilnehmer.jpg 280w\" sizes=\"(max-width: 191px) 100vw, 191px\" \/>Hans-Christop Jasch, Christoph Kreutzm\u00fcller (Hrsg.)<strong><br \/>\nDie Teilnehmer<br \/>\n<\/strong>Die M\u00e4nner der Wannseekonferenz<br \/>\nBerlin: Metropol 2017<br \/>\n<em>Lektorat<\/em><\/p>\n<p>&nbsp;<br \/>\n&nbsp;<\/p>\n<p><img decoding=\"async\" loading=\"lazy\" class=\"alignleft size-medium wp-image-484\" src=\"http:\/\/www.angela-martin.eu\/wp\/wp-content\/uploads\/2021\/10\/identitaet-212x300.jpg\" alt=\"identitaet\" width=\"110\" height=\"300\">Gudrun Hentges, Kristina Nottbohm, Hans-Wolfgang Platzer (Hrsg.)<br \/>\n<strong>Europ\u00e4ische Identit\u00e4t in der Krise<\/strong><br \/>\nEurop\u00e4ische Identit\u00e4tsforschung und Rechtspopulismusforschung<br \/>\nim Dialog<br \/>\nWiesbaden: Springer VS 2017<br \/>\n<em>Lektorat&nbsp;<\/em><\/p>\n<p>&nbsp;<\/p>\n<p><img decoding=\"async\" loading=\"lazy\" class=\"alignleft size-medium wp-image-486\" src=\"http:\/\/www.angela-martin.eu\/wp\/wp-content\/uploads\/2021\/10\/rhoen-217x300.png\" alt=\"rhoen\" width=\"110\" height=\"300\">Michael Imhof<br \/>\n<strong>400 Jahre Juden in der Rh\u00f6n<\/strong><br \/>\nPetersberg: Michael Imhof Verlag 2017<br \/>\n<em>Lektorat&nbsp;<\/em><\/p>\n<p>&nbsp;<br \/>\n&nbsp;<\/p>\n<p><img decoding=\"async\" loading=\"lazy\" class=\"alignleft size-medium wp-image-487\" src=\"http:\/\/www.angela-martin.eu\/wp\/wp-content\/uploads\/2021\/10\/philosophie-214x300.png\" alt=\"philosophie\" width=\"110\" height=\"300\">Agnieszka Helena Hudzik<br \/>\n<strong>Philosophie der Verf\u00fchrung in der Prosa der Moderne<\/strong><br \/>\nPolnische und deutschsprachige Autoren im Vergleich<br \/>\nBerlin: De Gruyter 2018<br \/>\n<em>Lektorat&nbsp;<\/em><\/p>\n<p>&nbsp;<br \/>\n&nbsp;<\/p>\n<p><img decoding=\"async\" loading=\"lazy\" class=\"alignleft size-medium wp-image-488\" src=\"http:\/\/www.angela-martin.eu\/wp\/wp-content\/uploads\/2021\/10\/Republik-196x300.jpg\" alt=\"Republik\" width=\"110\" height=\"300\">Christoph Butterwegge, Gudrun Hentges, Bettina L\u00f6sch (Hrsg.)<br \/>\n<strong>Auf dem Weg in eine andere Republik?<\/strong><br \/>\nNeoliberalismus, Standortnationalismus und Rechtspopulismus<br \/>\nWeinheim: Beltz Juventa 2018<br \/>\n<em>Lektorat&nbsp;<\/em><\/p>\n<p>&nbsp;<br \/>\n&nbsp;<\/p>\n<p><img decoding=\"async\" loading=\"lazy\" class=\"alignleft size-medium wp-image-489\" src=\"http:\/\/www.angela-martin.eu\/wp\/wp-content\/uploads\/2021\/10\/Demokratie-209x300.jpg\" alt=\"Demokratie\" width=\"110\" height=\"300\">Gudrun Hentges (Hrsg.)<br \/>\n<strong>Krise der Demokratie \u2013 Demokratie in der Krise?<\/strong><br \/>\nGesellschaftsdiagnosen und Herausforderungen<br \/>\nf\u00fcr die politische Bildung<br \/>\nFrankfurt\/Main: Wochenschau Wissenschaft 2020<br \/>\n<em>Lektorat&nbsp;<\/em><\/p>\n<p>&nbsp;<\/p>\n<p><img decoding=\"async\" loading=\"lazy\" class=\"alignleft size-medium wp-image-489\" src=\"http:\/\/www.angela-martin.eu\/wp\/wp-content\/uploads\/2021\/10\/U\u0308bersetzung.jpg\" alt=\"Demokratie\" width=\"110\" height=\"300\">Ma\u0142gorzata Tempel<br \/>\n<strong>Imagologische Probleme der \u00dcbersetzung<\/strong><br \/>\nThomas Manns politische Reden und Schriften in polnischen \u00dcbertragungen<br \/>\nBerlin: Peter Lang 2020<br \/>\n<em>Lektorat&nbsp;<\/em><\/p>\n<p>&nbsp;<\/p>\n<p><strong><img decoding=\"async\" loading=\"lazy\" class=\"alignleft size-medium wp-image-495\" src=\"http:\/\/www.angela-martin.eu\/wp\/wp-content\/uploads\/2021\/10\/ausgeschlossen-192x300.png\" alt=\"ausgeschlossen\" width=\"110\" height=\"300\">Ausgeschlossen. Arch\u00e4ologie der NS-Zwangslager<br \/>\n<\/strong>Ausstellung im Dokumentationszentrum NS-Zwangsarbeit<br \/>\n26. Mai 2020 bis 31. Januar 2021<br \/>\nKatalog Berlin: be.bra 2020<br \/>\n<em>Lektorat von Ausstellung und Katalog, mit Johanna Wensch<br \/>\n<\/em><br \/>\n&nbsp;<br \/>\n&nbsp;<\/p>\n<p><img decoding=\"async\" loading=\"lazy\" class=\"alignleft size-medium wp-image-496\" src=\"http:\/\/www.angela-martin.eu\/wp\/wp-content\/uploads\/2021\/10\/juden-217x300.jpg\" alt=\"juden\" width=\"110\" height=\"300\">Michael Imhof<br \/>\n<strong>Juden in der Rh\u00f6n<\/strong><br \/>\nPetersberg: Michael Imhof Verlag 2021<br \/>\n<em>Lektorat, mit Doroth\u00e9e Baganz<br \/>\n<\/em><\/p>\n<p>&nbsp;<br \/>\n&nbsp;<\/p>\n<p><strong><img decoding=\"async\" loading=\"lazy\" class=\"alignleft size-full wp-image-497\" src=\"http:\/\/www.angela-martin.eu\/wp\/wp-content\/uploads\/2021\/10\/memo.jpg\" alt=\"memo\" width=\"110\" height=\"282\">Memo. Multidimensionaler Erinnerungs Monitor. Studie IV<\/strong><br \/>\nVon Michael Papendick, Jonas Rees, Maren Scholz &amp; Andreas Zick, Institut f\u00fcr interdisziplin\u00e4re Konflikt- und Gewaltforschung (IKG) Universit\u00e4t Bielefeld Stiftung Erinnerung, Verantwortung, Zukunft: 2021<br \/>\n<a href=\"https:\/\/www.stiftung-evz.de\/handlungsfelder\/auseinandersetzung-mit-der-geschichte\/memo-studie.html\">Zur Publikation<\/a><br \/>\n<em>Lektorat <\/em><br \/>\n&nbsp;<\/p>\n<p><img decoding=\"async\" loading=\"lazy\" class=\"alignleft size-medium wp-image-498\" src=\"http:\/\/www.angela-martin.eu\/wp\/wp-content\/uploads\/2021\/10\/RhomnoKher-213x300.png\" alt=\"RhomnoKher\" width=\"110\" height=\"300\">Daniel Strau\u00df (Hrsg.)<br \/>\n<strong>RomnoKher-Studie 2021: Ungleiche Teilhabe<\/strong><br \/>\nZur Lage der Sinti und Roma in Deutschland<br \/>\nMannheim: RomnoKher 2021&nbsp;<br \/>\n<a href=\"https:\/\/mediendienst-integration.de\/fileadmin\/Dateien\/2021_RomnoKher_Ungleiche_Teilhabe.pdf\" target=\"_blank\">Zur Publikation<\/a><br \/>\n<em>Lektorat <\/em><\/p>\n","protected":false},"excerpt":{"rendered":"<p>Lektorate Astrid Ley, Annette Hinz-Wessels (Hrsg.) Die Euthanasie-Anstalt Brandenburg an der Havel Morde an Kranken und Behinderten im Nationalsozialismus Berlin: Metropol 2012 Lektorat des Katalogs &nbsp; &nbsp; Das Frauen-Konzentrationslager Ravensbr\u00fcck Geschichte und Erinnerung Dauerausstellung im Geb\u00e4ude der ehemaligen Kommandantur seit &hellip; <a href=\"http:\/\/www.angela-martin.eu\/?page_id=469\">Weiterlesen <span class=\"meta-nav\">&rarr;<\/span><\/a><\/p>\n","protected":false},"author":2,"featured_media":0,"parent":0,"menu_order":0,"comment_status":"closed","ping_status":"closed","template":"","meta":{"ngg_post_thumbnail":0},"_links":{"self":[{"href":"http:\/\/www.angela-martin.eu\/index.php?rest_route=\/wp\/v2\/pages\/469"}],"collection":[{"href":"http:\/\/www.angela-martin.eu\/index.php?rest_route=\/wp\/v2\/pages"}],"about":[{"href":"http:\/\/www.angela-martin.eu\/index.php?rest_route=\/wp\/v2\/types\/page"}],"author":[{"embeddable":true,"href":"http:\/\/www.angela-martin.eu\/index.php?rest_route=\/wp\/v2\/users\/2"}],"replies":[{"embeddable":true,"href":"http:\/\/www.angela-martin.eu\/index.php?rest_route=%2Fwp%2Fv2%2Fcomments&post=469"}],"version-history":[{"count":39,"href":"http:\/\/www.angela-martin.eu\/index.php?rest_route=\/wp\/v2\/pages\/469\/revisions"}],"predecessor-version":[{"id":668,"href":"http:\/\/www.angela-martin.eu\/index.php?rest_route=\/wp\/v2\/pages\/469\/revisions\/668"}],"wp:attachment":[{"href":"http:\/\/www.angela-martin.eu\/index.php?rest_route=%2Fwp%2Fv2%2Fmedia&parent=469"}],"curies":[{"name":"wp","href":"https:\/\/api.w.org\/{rel}","templated":true}]}}