{"id":5,"date":"2012-02-10T12:33:49","date_gmt":"2012-02-10T12:33:49","guid":{"rendered":"http:\/\/www.angela-martin.eu\/wp\/?page_id=5"},"modified":"2021-10-28T21:20:50","modified_gmt":"2021-10-28T21:20:50","slug":"ausstellungen","status":"publish","type":"page","link":"http:\/\/www.angela-martin.eu\/?page_id=5","title":{"rendered":"Ausstellungen"},"content":{"rendered":"<h3>Ausstellungen<\/h3>\n<p>Seit 2006 mache ich Ausstellungen zu historischen Themen. Dabei war ich stets f\u00fcr alle Schritte zust\u00e4ndig, abgesehen von Ausstellungsdesign und Layout.<\/p>\n<p>Auch f\u00fcr weitere Ausstellungen biete folgende Leistungen an:<br \/>\n<span style=\"color: #1fa79e;\">::<\/span>&nbsp; Recherchen, Archivsichtung, Gespr\u00e4che mit Zeitzeugen<br \/>\n<span style=\"color: #1fa79e;\">::<\/span>&nbsp; Ausstellungskonzeption<br \/>\n<span style=\"color: #1fa79e;\">::<\/span>&nbsp; Exponatauswahl<br \/>\n<span style=\"color: #1fa79e;\">::<\/span>&nbsp; Verfassen der Ausstellungstexte<br \/>\n<span style=\"color: #1fa79e;\">::<\/span>&nbsp; Bildredaktion<br \/>\n<span style=\"color: #1fa79e;\">::<\/span>&nbsp; Konzeption des Katalogs, Texte und Bildredaktion<br \/>\n<span style=\"color: #1fa79e;\">::<\/span>&nbsp; Vergabe von Auftr\u00e4gen<br \/>\n<span style=\"color: #1fa79e;\">::<\/span>&nbsp; Kostenkalkulation und Abrechnung<\/p>\n","protected":false},"excerpt":{"rendered":"<p>Ausstellungen Seit 2006 mache ich Ausstellungen zu historischen Themen. Dabei war ich stets f\u00fcr alle Schritte zust\u00e4ndig, abgesehen von Ausstellungsdesign und Layout. Auch f\u00fcr weitere Ausstellungen biete folgende Leistungen an: ::&nbsp; Recherchen, Archivsichtung, Gespr\u00e4che mit Zeitzeugen ::&nbsp; Ausstellungskonzeption ::&nbsp; Exponatauswahl &hellip; <a href=\"http:\/\/www.angela-martin.eu\/?page_id=5\">Weiterlesen <span class=\"meta-nav\">&rarr;<\/span><\/a><\/p>\n","protected":false},"author":1,"featured_media":0,"parent":0,"menu_order":0,"comment_status":"closed","ping_status":"closed","template":"","meta":{"ngg_post_thumbnail":0},"_links":{"self":[{"href":"http:\/\/www.angela-martin.eu\/index.php?rest_route=\/wp\/v2\/pages\/5"}],"collection":[{"href":"http:\/\/www.angela-martin.eu\/index.php?rest_route=\/wp\/v2\/pages"}],"about":[{"href":"http:\/\/www.angela-martin.eu\/index.php?rest_route=\/wp\/v2\/types\/page"}],"author":[{"embeddable":true,"href":"http:\/\/www.angela-martin.eu\/index.php?rest_route=\/wp\/v2\/users\/1"}],"replies":[{"embeddable":true,"href":"http:\/\/www.angela-martin.eu\/index.php?rest_route=%2Fwp%2Fv2%2Fcomments&post=5"}],"version-history":[{"count":43,"href":"http:\/\/www.angela-martin.eu\/index.php?rest_route=\/wp\/v2\/pages\/5\/revisions"}],"predecessor-version":[{"id":685,"href":"http:\/\/www.angela-martin.eu\/index.php?rest_route=\/wp\/v2\/pages\/5\/revisions\/685"}],"wp:attachment":[{"href":"http:\/\/www.angela-martin.eu\/index.php?rest_route=%2Fwp%2Fv2%2Fmedia&parent=5"}],"curies":[{"name":"wp","href":"https:\/\/api.w.org\/{rel}","templated":true}]}}