{"id":532,"date":"2021-10-06T11:01:15","date_gmt":"2021-10-06T11:01:15","guid":{"rendered":"http:\/\/www.angela-martin.eu\/?page_id=532"},"modified":"2021-10-27T12:24:47","modified_gmt":"2021-10-27T12:24:47","slug":"die-markthalle-ix-in-kreuzberg","status":"publish","type":"page","link":"http:\/\/www.angela-martin.eu\/?page_id=532","title":{"rendered":"Die Markthalle IX in Kreuzberg"},"content":{"rendered":"<h3>Die Markthalle IX in Kreuzberg<\/h3>\n<p><strong>Eine Ausstellung der Markthalle Neun GmbH, seit Oktober 2021 in der Halle<\/strong><\/p>\n<p>Recherche und Konzept Angela Martin, Gestaltung Daniel Wiesmann<\/p>\n<p>Lange war die Markthalle IX in der Kreuzberger Eisenbahnstra\u00dfe der soziale Mittelpunkt f\u00fcr das Viertel zwischen Spree und Skalitzer Stra\u00dfe. Doch Anfang der 2000er Jahre verlie\u00dfen die Kleinh\u00e4ndler die Halle, zwischen den drei verbliebenen Discountern herrschten Leerstand und Tristesse. Dabei ist die Halle, die am 1. Oktober 1891 er\u00f6ffnet wurde, ein architektonisches Meisterwerk und neben der Arminiushalle in Moabit das am besten erhaltene Beispiel f\u00fcr die Entwicklung der Berliner Markthallen.<\/p>\n<p>Eine Anwohnerinitiative verhinderte den Umbau zu einem Supermarktcenter. 2011 \u00fcbernahmen die derzeitigen Betreiber die Halle. Sie setzen auf Nachhaltigkeit, Regionalit\u00e4t und Handwerk und konnten die Halle zu neuem Leben erwecken. Themenm\u00e4rkte und der Streetfood-Thursday ziehen Tausende von Besucher:innen an.<\/p>\n<p>Es gibt aber auch Kritik, dass die hochpreisigen Angebote die Gentrifizierung des Kiezes vorantreiben und einkommensschwache Anwohner:innen ausschlie\u00dfen. Die Proteste gipfelten in der Kampagne \u201eALDI bleibt\u201c.<\/p>\n<p>Bereits 2011 konnte ich zusammen mit dem Gestalter Thomas Raditschnig im Auftrag der Anwohnerinitiative und des Bezirksmuseums Friedrichshain-Kreuzberg eine Ausstellung zur Geschichte der Markthalle IX realisieren, die dort mehrere Jahre lang zu sehen war.<\/p>\n","protected":false},"excerpt":{"rendered":"<p>Die Markthalle IX in Kreuzberg Eine Ausstellung der Markthalle Neun GmbH, seit Oktober 2021 in der Halle Recherche und Konzept Angela Martin, Gestaltung Daniel Wiesmann Lange war die Markthalle IX in der Kreuzberger Eisenbahnstra\u00dfe der soziale Mittelpunkt f\u00fcr das Viertel &hellip; <a href=\"http:\/\/www.angela-martin.eu\/?page_id=532\">Weiterlesen <span class=\"meta-nav\">&rarr;<\/span><\/a><\/p>\n","protected":false},"author":2,"featured_media":0,"parent":5,"menu_order":0,"comment_status":"closed","ping_status":"closed","template":"","meta":{"ngg_post_thumbnail":0},"_links":{"self":[{"href":"http:\/\/www.angela-martin.eu\/index.php?rest_route=\/wp\/v2\/pages\/532"}],"collection":[{"href":"http:\/\/www.angela-martin.eu\/index.php?rest_route=\/wp\/v2\/pages"}],"about":[{"href":"http:\/\/www.angela-martin.eu\/index.php?rest_route=\/wp\/v2\/types\/page"}],"author":[{"embeddable":true,"href":"http:\/\/www.angela-martin.eu\/index.php?rest_route=\/wp\/v2\/users\/2"}],"replies":[{"embeddable":true,"href":"http:\/\/www.angela-martin.eu\/index.php?rest_route=%2Fwp%2Fv2%2Fcomments&post=532"}],"version-history":[{"count":8,"href":"http:\/\/www.angela-martin.eu\/index.php?rest_route=\/wp\/v2\/pages\/532\/revisions"}],"predecessor-version":[{"id":666,"href":"http:\/\/www.angela-martin.eu\/index.php?rest_route=\/wp\/v2\/pages\/532\/revisions\/666"}],"up":[{"embeddable":true,"href":"http:\/\/www.angela-martin.eu\/index.php?rest_route=\/wp\/v2\/pages\/5"}],"wp:attachment":[{"href":"http:\/\/www.angela-martin.eu\/index.php?rest_route=%2Fwp%2Fv2%2Fmedia&parent=532"}],"curies":[{"name":"wp","href":"https:\/\/api.w.org\/{rel}","templated":true}]}}