{"id":81,"date":"2012-02-20T10:50:02","date_gmt":"2012-02-20T10:50:02","guid":{"rendered":"http:\/\/www.angela-martin.eu\/wp\/?page_id=81"},"modified":"2021-10-27T12:38:39","modified_gmt":"2021-10-27T12:38:39","slug":"texte-2","status":"publish","type":"page","link":"http:\/\/www.angela-martin.eu\/?page_id=81","title":{"rendered":"B\u00fccher"},"content":{"rendered":"<h3>B\u00fccher<\/h3>\n<p><a href=\"http:\/\/www.angela-martin.eu\/wp\/wp-content\/uploads\/2012\/02\/covr_bosch_schatt.jpg\"><img decoding=\"async\" loading=\"lazy\" class=\"alignleft size-full wp-image-204\" title=\"Ich sah den Namen Bosch\" src=\"http:\/\/www.angela-martin.eu\/wp\/wp-content\/uploads\/2012\/02\/covr_bosch_schatt.jpg\" alt=\"\" width=\"111\" height=\"149\"><\/a>Angela Martin<br \/>\n<strong>&#8222;Ich sah den Namen Bosch&#8220;<\/strong><\/p>\n<p>Polnische Frauen als KZ-H\u00e4ftlinge in der Dreilinden Maschinenbau GmbH<br \/>\nHerausgegeben von der Berliner Geschichtswerkstatt<br \/>\nMetropol Verlag, Berlin 2002<\/p>\n<p>Im Herbst 1944 erreichten zwei Transporte mit jeweils 400 polnischen Frauen aus dem KZ Ravensbr\u00fcck den Berliner Prominentenvorort Kleinmachnow. Die Frauen wurden zur Zwangsarbeit in der Dreilinden Maschinenbau GmbH, einer Tochtergesellschaft des Bosch-Konzerns, eingesetzt. Im Auftrag des Reichsluftfahrtministeriums gegr\u00fcndet, besch\u00e4ftigte das Werk schlie\u00dflich etwa 2 800 Zwangsarbeiter und KZ-H\u00e4ftlinge in der Produktion von Zubeh\u00f6r f\u00fcr Flugzeugmotoren. Angela Martin hat mit zahlreichen \u00dcberlebenden des firmeneigenen Konzentrationslagers gesprochen und die bisher unbekannte Geschichte der Dreilinden Maschinenbau GmbH rekonstruiert.<\/p>\n<p>&nbsp;<\/p>\n<p><a href=\"http:\/\/www.angela-martin.eu\/wp\/wp-content\/uploads\/2012\/02\/cover_muster.jpg\"><img decoding=\"async\" loading=\"lazy\" class=\"alignleft size-full wp-image-209\" title=\"Muster des Erinnerns\" src=\"http:\/\/www.angela-martin.eu\/wp\/wp-content\/uploads\/2012\/02\/cover_muster.jpg\" alt=\"\" width=\"110\" height=\"146\"><\/a>Ewa Czerwiakowski,&nbsp; Angela Martin (Hg.)<br \/>\n<strong>Muster des Erinnerns<\/strong><\/p>\n<p>Polnische Frauen als KZ-H\u00e4ftlinge in einer Tarnfabrik von Bosch<br \/>\nMit einem Vorwort von Ise Bosch<br \/>\nMetropol Verlag, Berlin 2005<\/p>\n<p>In einem KZ-Au\u00dfenlager auf dem Gel\u00e4nde des Dreilinden-Werks von Bosch in Kleinmachnow bei Berlin mussten etwa 800 Polinnen Flugmotorenteile f\u00fcr die deutsche Luftwaffe produzieren. Die Erinnerungen von 33 \u00dcberlebenden stehen im Zentrum dieses Buches. Ewa Czerwiakowski untersucht in einem Essay die Erinnerungsmuster der polnischen Frauen, Angela Martin zeichnet anhand ihrer Spurensuche in den Archiven die Geschichte der \u201eSchattenfabrik\u201c in Kleinmachnow nach und Rudolf Mach befasst sich mit dem Ged\u00e4chtnis dieses Ortes zwischen Verdr\u00e4ngen und Geschichtsaufarbeitung.<\/p>\n<p>&nbsp;<\/p>\n<p><a href=\"http:\/\/www.angela-martin.eu\/wp\/wp-content\/uploads\/2012\/02\/cover-zwang.jpg\"><img decoding=\"async\" loading=\"lazy\" class=\"alignleft size-full wp-image-216\" title=\"Zwangsarbeit\" src=\"http:\/\/www.angela-martin.eu\/wp\/wp-content\/uploads\/2012\/02\/cover-zwang.jpg\" alt=\"\" width=\"107\" height=\"156\"><\/a>Angela Martin und Cord Pagenstecher<br \/>\n<strong>Zwangsarbeit 1939-1945. Zeitzeugen-Interviews f\u00fcr den Unterricht<\/strong><\/p>\n<p>Eine Edition der Bundeszentrale f\u00fcr politische Bildung und der Freien Universit\u00e4t Berlin<br \/>\n2. Auflage Bonn 2011<br \/>\n&nbsp;<\/p>\n<p>\u00dcber zw\u00f6lf Millionen Menschen leisteten allein auf dem Gebiet des Deutschen Reiches Zwangsarbeit f\u00fcr das nationalsozialistische Deutschland. Dieses Lehrerheft zur DVD-Edition &#8222;Zwangsarbeit 1939-1945. Erinnerungen und Geschichte. Zeitzeugen-Interviews f\u00fcr den Unterricht&#8220; bietet Informationstexte, Unterrichtstipps und Aufgabenvorschl\u00e4ge.<\/p>\n<p>Auf einer Doppel-DVD, an der Ewa Czerwiakowski, Iris Hax und Angela Martin mitgearbeitet haben, stehen&nbsp; Filme und Zusatzmaterialien zum Thema Zwangsarbeit bereit.<\/p>\n<p>&nbsp;<\/p>\n<p><a href=\"http:\/\/www.angela-martin.eu\/wp\/wp-content\/uploads\/2012\/02\/cover_bomben.jpg\"><img decoding=\"async\" loading=\"lazy\" class=\"alignleft size-full wp-image-222\" title=\"Ich f\u00fcrchte die Menschen mehr als die Bomben\" src=\"http:\/\/www.angela-martin.eu\/wp\/wp-content\/uploads\/2012\/02\/cover_bomben.jpg\" alt=\"\" width=\"107\" height=\"159\"><\/a>Angela Martin, Claudia Schoppmann (Hg.)<strong><br \/>\n&#8222;Ich f\u00fcrchte die Menschen mehr als die Bomben\u201c.<br \/>\nAus den Tageb\u00fcchern von drei Berliner Frauen<br \/>\n1938-1946<\/strong><\/p>\n<p>Metropol Verlag, Berlin 1996<br \/>\n&nbsp;<\/p>\n<p>Drei Berliner Frauen legen in ihren Tageb\u00fcchern Zeugnis von der Diskriminierung und Verfolgung w\u00e4hrend des Nationalsozialismus ab. Erna Becker, C\u00e4cilie Lewissohn und Marta Mierendorff waren in unterschiedlicher Weise von der Judenverfolgung betroffen. Der Band enth\u00e4lt neben den Tageb\u00fcchern eine Einf\u00fchrung in den geschichtlichen Zusammenhang, Kurzbiographien der drei Autorinnen und eine Chronik der Judenverfolgung.<\/p>\n<p>&nbsp;<\/p>\n<p><a href=\"http:\/\/www.angela-martin.eu\/wp\/wp-content\/uploads\/2012\/02\/cover-bird.jpg\"><img decoding=\"async\" loading=\"lazy\" class=\"alignleft size-full wp-image-228\" title=\"Unbetretene Pfade in Japan\" src=\"http:\/\/www.angela-martin.eu\/wp\/wp-content\/uploads\/2012\/02\/cover-bird.jpg\" alt=\"\" width=\"105\" height=\"183\"><\/a>Isabella Bird<br \/>\n<strong>Unbetretene Pfade in Japan<br \/>\n<\/strong><\/p>\n<p>Herausgegeben und mit einem Vorwort versehen von Angela Martin<br \/>\nEdition Frauenfahrten, ProMedia-Verlag,<br \/>\nWien 1990<\/p>\n<p>&nbsp;<\/p>\n<p>Als Isabella Bird 1878 ihre Reise nach Japan antrat, kannte kaum ein Europ\u00e4er das abgeschlossene Land, das erst wenige Jahre zuvor einige H\u00e4fen f\u00fcr den Handel ge\u00f6ffnet hatte und sich in einer Phase gro\u00dfer sozialer und politischer Umw\u00e4lzungen befand. \u201eNie hat jemand solche Abenteuer erlebt wie Miss Bird\u201c, schrieb 1879 der <em>Spectator. <\/em>Ihr Reisebericht in Briefform ist das au\u00dferordentliche Dokument einer mutigen, allein reisenden Frau in der viktorianischen Zeit.<\/p>\n","protected":false},"excerpt":{"rendered":"<p>B\u00fccher Angela Martin &#8222;Ich sah den Namen Bosch&#8220; Polnische Frauen als KZ-H\u00e4ftlinge in der Dreilinden Maschinenbau GmbH Herausgegeben von der Berliner Geschichtswerkstatt Metropol Verlag, Berlin 2002 Im Herbst 1944 erreichten zwei Transporte mit jeweils 400 polnischen Frauen aus dem KZ &hellip; <a href=\"http:\/\/www.angela-martin.eu\/?page_id=81\">Weiterlesen <span class=\"meta-nav\">&rarr;<\/span><\/a><\/p>\n","protected":false},"author":1,"featured_media":0,"parent":0,"menu_order":0,"comment_status":"closed","ping_status":"closed","template":"","meta":{"ngg_post_thumbnail":0},"_links":{"self":[{"href":"http:\/\/www.angela-martin.eu\/index.php?rest_route=\/wp\/v2\/pages\/81"}],"collection":[{"href":"http:\/\/www.angela-martin.eu\/index.php?rest_route=\/wp\/v2\/pages"}],"about":[{"href":"http:\/\/www.angela-martin.eu\/index.php?rest_route=\/wp\/v2\/types\/page"}],"author":[{"embeddable":true,"href":"http:\/\/www.angela-martin.eu\/index.php?rest_route=\/wp\/v2\/users\/1"}],"replies":[{"embeddable":true,"href":"http:\/\/www.angela-martin.eu\/index.php?rest_route=%2Fwp%2Fv2%2Fcomments&post=81"}],"version-history":[{"count":55,"href":"http:\/\/www.angela-martin.eu\/index.php?rest_route=\/wp\/v2\/pages\/81\/revisions"}],"predecessor-version":[{"id":667,"href":"http:\/\/www.angela-martin.eu\/index.php?rest_route=\/wp\/v2\/pages\/81\/revisions\/667"}],"wp:attachment":[{"href":"http:\/\/www.angela-martin.eu\/index.php?rest_route=%2Fwp%2Fv2%2Fmedia&parent=81"}],"curies":[{"name":"wp","href":"https:\/\/api.w.org\/{rel}","templated":true}]}}