{"id":92,"date":"2012-02-20T10:52:54","date_gmt":"2012-02-20T10:52:54","guid":{"rendered":"http:\/\/www.angela-martin.eu\/wp\/?page_id=92"},"modified":"2021-11-07T19:34:17","modified_gmt":"2021-11-07T19:34:17","slug":"uber-mich-2","status":"publish","type":"page","link":"http:\/\/www.angela-martin.eu\/?page_id=92","title":{"rendered":"\u00dcber mich"},"content":{"rendered":"<h3>Angela Martin<\/h3>\n<p><strong>Ausbildung<br \/>\n<\/strong><br \/>\n<span style=\"color: #1fa79e;\">::<\/span> Studium der Germanistik und Geschichte<br \/>\n<span style=\"color: #1fa79e;\">::<\/span> Lehramtsreferendariat<\/p>\n<p><strong>Anstellungen<\/strong><\/p>\n<p><span style=\"color: #1fa79e;\">::<\/span> Wissenschaftliche Mitarbeiterin der Historischen Kommission zu Berlin<br \/>\n<span style=\"color: #1fa79e;\">::<\/span> Wissenschaftliche Mitarbeiterin der Berliner Geschichtswerkstatt<br \/>\n<span style=\"color: #1fa79e;\">::<\/span> Redakteurin der Zeitschrift analyse &amp; kritik<\/p>\n<p><strong>Freiberufliche T\u00e4tigkeiten<\/strong><\/p>\n<p><span style=\"color: #1fa79e;\">::<\/span>&nbsp;Freie Publizistin f\u00fcr H\u00f6rfunk und Printmedien (unter anderem RBB, SWR, WDR, MDR, Deutschlandradio Kultur, ORF, analyse &amp; kritik, junge Welt, NZZ, S\u0142owo\/Das Wort, zitty) mit den Schwerpunkten NS-Zwangsarbeit, DDR-Kulturgeschichte, Geschichte Berlins<\/p>\n<p><span style=\"color: #1fa79e;\">::<\/span>&nbsp;Redaktionsarbeiten und \u00dcbersetzungen u.a. f\u00fcr Metropol-Verlag, Berlin, Stiftung Brandenburgische Gedenkst\u00e4tten, analyse &amp; kritik, S\u0142owo\/Das Wort<\/p>\n<p><span style=\"color: #1fa79e;\">::<\/span>&nbsp;Forschungsprojekte \u00fcber den Einsatz von Zwangsarbeiter:innen und KZ-H\u00e4ftlingen in den Bosch-Tochtergesellschaften Dreilinden Maschinenbau GmbH (Kleinmachnow) und Trillke GmbH (Hildesheim) mit diversen anschlie\u00dfenden Publikationen, u.a.<br \/>\n&#8211; \u201eIch sah den Namen Bosch\u201c, Berlin 2002<br \/>\n&#8211; Zwangsarbeit f\u00fcr eine R\u00fcstungsfabrik in Kleinmachnow. Ausstellung im Dokumentationszentrum NS-Zwangsarbeit, Berlin 2008<br \/>\n&#8211; Versteckt im Wald. Ausstellung im Haus der Begegnung mit der Geschichte, Warschau 2011<br \/>\n&#8211; z.B. BOSCH. Zwangsarbeit im Hildesheimer Wald. <a href=\"http:\/\/www.zwangsarbeit-bosch.de\/\" target=\"_blank\">zwangsarbeit-bosch.de<\/a><\/p>\n<p><span style=\"color: #1fa79e;\">::<\/span>&nbsp;Historische Ausstellungen \u00fcber die Geschichte Berlins<\/p>\n<p><span style=\"color: #1fa79e;\">::<\/span>&nbsp;Freie wissenschaftliche Mitarbeit bei der CeDiS, Freie Universit\u00e4t Berlin, im Projekt Zwangsarbeit 1939-1945. Erinnerungen und Geschichte<\/p>\n<p><span style=\"color: #1fa79e;\">::<\/span>&nbsp;Lektorate von historischen Ausstellungen und Fachliteratur<\/p>\n","protected":false},"excerpt":{"rendered":"<p>Angela Martin Ausbildung :: Studium der Germanistik und Geschichte :: Lehramtsreferendariat Anstellungen :: Wissenschaftliche Mitarbeiterin der Historischen Kommission zu Berlin :: Wissenschaftliche Mitarbeiterin der Berliner Geschichtswerkstatt :: Redakteurin der Zeitschrift analyse &amp; kritik Freiberufliche T\u00e4tigkeiten ::&nbsp;Freie Publizistin f\u00fcr H\u00f6rfunk und &hellip; <a href=\"http:\/\/www.angela-martin.eu\/?page_id=92\">Weiterlesen <span class=\"meta-nav\">&rarr;<\/span><\/a><\/p>\n","protected":false},"author":1,"featured_media":0,"parent":0,"menu_order":0,"comment_status":"closed","ping_status":"closed","template":"","meta":{"ngg_post_thumbnail":0},"_links":{"self":[{"href":"http:\/\/www.angela-martin.eu\/index.php?rest_route=\/wp\/v2\/pages\/92"}],"collection":[{"href":"http:\/\/www.angela-martin.eu\/index.php?rest_route=\/wp\/v2\/pages"}],"about":[{"href":"http:\/\/www.angela-martin.eu\/index.php?rest_route=\/wp\/v2\/types\/page"}],"author":[{"embeddable":true,"href":"http:\/\/www.angela-martin.eu\/index.php?rest_route=\/wp\/v2\/users\/1"}],"replies":[{"embeddable":true,"href":"http:\/\/www.angela-martin.eu\/index.php?rest_route=%2Fwp%2Fv2%2Fcomments&post=92"}],"version-history":[{"count":30,"href":"http:\/\/www.angela-martin.eu\/index.php?rest_route=\/wp\/v2\/pages\/92\/revisions"}],"predecessor-version":[{"id":693,"href":"http:\/\/www.angela-martin.eu\/index.php?rest_route=\/wp\/v2\/pages\/92\/revisions\/693"}],"wp:attachment":[{"href":"http:\/\/www.angela-martin.eu\/index.php?rest_route=%2Fwp%2Fv2%2Fmedia&parent=92"}],"curies":[{"name":"wp","href":"https:\/\/api.w.org\/{rel}","templated":true}]}}