{"id":95,"date":"2012-02-20T10:53:04","date_gmt":"2012-02-20T10:53:04","guid":{"rendered":"http:\/\/www.angela-martin.eu\/wp\/?page_id=95"},"modified":"2021-10-27T12:46:38","modified_gmt":"2021-10-27T12:46:38","slug":"links-2","status":"publish","type":"page","link":"http:\/\/www.angela-martin.eu\/?page_id=95","title":{"rendered":"Links"},"content":{"rendered":"<h3>Kommentierte Links<\/h3>\n<p><span style=\"color: #1fa79e;\"><strong>::&nbsp;<\/strong><\/span><strong>Metropol-Verlag<\/strong><br \/>\n<span style=\"text-decoration: underline;\"><a href=\"http:\/\/www.metropol-verlag.de\/\" target=\"blank\">www.metropol-verlag.de<\/a><\/span><\/p>\n<p>Der 1988 gegr\u00fcndete Metropol-Verlag hat einen ausgezeichneten Ruf vor allem als Fachverlag f\u00fcr Themen zum Nationalsozialismus und arbeitet eng mit dem Zentrum f\u00fcr Antisemitismusforschung und der Stiftung Brandenburgische Gedenkst\u00e4tten zusammen. Der Verlag gibt auch die Zeitschrift f\u00fcr Geschichtswissenschaft und das Jahrbuch f\u00fcr Antisemitismusforschung sowie seit 2016 Arbeit \u2013 Bewegung \u2013 Geschichte. Zeitschrift f\u00fcr historische Studien heraus.<\/p>\n<p><span style=\"color: #1fa79e;\"><strong>:: <\/strong><\/span><strong>FHXB \u2013&nbsp;Friedrichshain-<\/strong><strong>Kreuzberg Museum<\/strong><br \/>\n<span style=\"text-decoration: underline;\"><a href=\"https:\/\/www.fhxb-museum.de\/\" target=\"_blank\">www.fhxb-museum.de<\/a><br \/>\n<\/span><\/p>\n<p>Dieses Bezirksmuseum legt seine Schwerpunkte auf Zuwanderung, Stadtentwicklung und die Geschichte von Industrie und Gewerbe. Mit seiner konzeptionellen und sozialen Offenheit vor allem auch f\u00fcr Migrant:innen erreicht es unterschiedlichste Bewohner:innen des Bezirks, von t\u00fcrkischen Jugendlichen bis zu ehemaligen Fabrikarbeiterinnen; auch von Tourist:innen wird es viel besucht. Thematische Stadtf\u00fchrungen und museumsp\u00e4dagogische Angebote erg\u00e4nzen die Ausstellungen.<\/p>\n<p><span style=\"color: #1fa79e;\"><strong>:: <\/strong><\/span><strong>Dokumentationszentrum NS-Zwangsarbeit<\/strong><br \/>\n<span style=\"text-decoration: underline;\"><a href=\"https:\/\/www.ns-zwangsarbeit.de\/home\/\" target=\"_blank\">www.ns-zwangsarbeit.de\/home<\/a><br \/>\n<\/span><\/p>\n<p>Das Dokumentationszentrum NS-Zwangsarbeit in Berlin-Sch\u00f6neweide befindet sich in den Baracken des letzten noch weitgehend erhaltenen NS-Zwangsarbeiterlagers in Berlin. Es wurde auf Druck der Berliner Geschichtswerkstatt und anderer B\u00fcrgerinitiativen eingerichtet und bietet neben drei Dauerausstellungen auch zahlreiche interessante Sonderausstellungen sowie Lesungen und p\u00e4dagogische Angebote an. Das Archiv und die entsprechenden Recherchem\u00f6glichkeiten werden st\u00e4ndig erweitert.<\/p>\n<p><strong><span style=\"color: #1fa79e;\">::<\/span> Dom Spotka\u0144 z Histori\u0105 &#8211; Haus der Begegnung mit der Geschichte<\/strong><br \/>\n<span style=\"color: #000080;\"><span style=\"text-decoration: underline;\"><a href=\"http:\/\/www.dsh.waw.pl\/en\" target=\"blank\">https:\/\/dsh.waw.pl\/en<\/a><\/span><\/span><\/p>\n<p>Das Haus der Begegnung mit der Geschichte in Warschau ist ein ebenso lebendiger wie angesehener Ort f\u00fcr die Verbreitung der Geschichte v.a. Warschaus, aber auch Polens und Mittelosteuropas im 20. Jahrhundert. Mit seinen Ausstellungen, Filmvorf\u00fchrungen, Diskussionsveranstaltungen und Zeitzeugenbegegnungen geh\u00f6rt es zu den meistbesuchten kulturellen Institutionen Warschaus. Ein multimediales Archiv und ein Buchverlag geh\u00f6ren zum Haus.<\/p>\n<p><span style=\"color: #1fa79e;\"><strong>::<\/strong><\/span><strong> Ewa Czerwiakowski: \u00dcbersetzerin und Publizistin<\/strong><br \/>\n<span style=\"text-decoration: underline;\"><a href=\"mailto:ewa.czerwiakowski@t-online.de\">ewa.czerwiakowski@t-online.de<\/a><\/span><\/p>\n<p>Ewa Czerwiakowski ist \u00dcbersetzerin und Publizistin mit guten Kontakten nach Warschau und \u0141\u00f3d\u017a. Seit mehr als 20 Jahren befasst sie sich mit dem Thema Zwangsarbeit. F\u00fcr die Berliner Geschichtswerkstatt ist sie eine unentbehrliche Interviewerin, \u00dcbersetzerin, Organisatorin und Autorin. Danke f\u00fcr viele Jahre bester Zusammenarbeit!<\/p>\n<p><span style=\"color: #1fa79e;\"><strong>::<\/strong><\/span><span style=\"color: #000000;\"><strong> Hanna Sj\u00f6berg: K\u00fcnstlerin und Ausstellungsgestalterin<\/strong><\/span><span style=\"text-decoration: underline;\"><br \/>\n<a href=\"http:\/\/www.hannasjoeberg.se\/\" target=\"blank\">www.hannasjoeberg.se<\/a><\/span><\/p>\n<p>Hanna Sj\u00f6berg war die Gestalterin unserer Ausstellungen \u00fcber Zwangsarbeit und die Mediaspree. Ihre Entw\u00fcrfe \u00fcberzeugen durch eine<span style=\"color: #000000;\"> klare Bildsprache und die konsequente Orientierung am jeweiligen Raum. Vom KZ Kleinmachnow existieren keinerlei Bilder. Trotzdem ist es Hanna Sj\u00f6berg gelungen, das Leiden der H\u00e4ftlinge in diesem Lager ohne Pathos und doch einf\u00fchlsam darzustellen. <\/span><\/p>\n<p><span style=\"color: #1fa79e;\"><strong>:: <\/strong><\/span><span style=\"color: #000000;\"><strong>Annette Sch\u00e4fer: Autorin, H\u00f6rfunkmoderatorin, PR-Beraterin<\/strong><\/span><span style=\"text-decoration: underline;\"><br \/>\n<a href=\"http:\/\/www.pr-netzwerk.net\/\" target=\"blank\">www.pr-netzwerk.net<\/a><\/span><\/p>\n<p>Annette Sch\u00e4fer ist PR-Beraterin, ihre Firma hei\u00dft PR-Netzwerk. Sie kommt jedoch vom H\u00f6rfunk und hat mir 1994 beigebracht, wie man Rundfunkfeatures macht. Annette Sch\u00e4fer war Mitarbeiterin von Radio 100 und Redakteurin bei Radio Multikulti; f\u00fcr die ARD hat sie Features und Filmkritiken verfasst. F\u00fcr den rbb und andere Sender haben wir gemeinsam mehrere H\u00f6rfunk-Sendungen entwickelt.<\/p>\n<p><span style=\"color: #1fa79e;\"><strong>:: <\/strong><\/span><strong>Frau Schroeder \u2013 B\u00fcro f\u00fcr Onlinekommunikation<\/strong><br \/>\n<span style=\"text-decoration: underline;\"><a href=\"https:\/\/www.frau-schroeder.de\/\" target=\"blank\">www.frau-schroeder.de<\/a><\/span><\/p>\n<p>Frau Schroeder entwickelt Konzepte und Strategien f\u00fcr Online-Pr\u00e4senzen. Sie gestaltet und programmiert ansprechende Websites, von der individuellen Homepage bis zum Kunstprojekt. Gutes Design, gr\u00fcndliche, individuelle Beratung, kundenfreundliche Preise.<\/p>\n","protected":false},"excerpt":{"rendered":"<p>Kommentierte Links ::&nbsp;Metropol-Verlag www.metropol-verlag.de Der 1988 gegr\u00fcndete Metropol-Verlag hat einen ausgezeichneten Ruf vor allem als Fachverlag f\u00fcr Themen zum Nationalsozialismus und arbeitet eng mit dem Zentrum f\u00fcr Antisemitismusforschung und der Stiftung Brandenburgische Gedenkst\u00e4tten zusammen. Der Verlag gibt auch die Zeitschrift &hellip; <a href=\"http:\/\/www.angela-martin.eu\/?page_id=95\">Weiterlesen <span class=\"meta-nav\">&rarr;<\/span><\/a><\/p>\n","protected":false},"author":1,"featured_media":0,"parent":0,"menu_order":0,"comment_status":"closed","ping_status":"closed","template":"","meta":{"ngg_post_thumbnail":0},"_links":{"self":[{"href":"http:\/\/www.angela-martin.eu\/index.php?rest_route=\/wp\/v2\/pages\/95"}],"collection":[{"href":"http:\/\/www.angela-martin.eu\/index.php?rest_route=\/wp\/v2\/pages"}],"about":[{"href":"http:\/\/www.angela-martin.eu\/index.php?rest_route=\/wp\/v2\/types\/page"}],"author":[{"embeddable":true,"href":"http:\/\/www.angela-martin.eu\/index.php?rest_route=\/wp\/v2\/users\/1"}],"replies":[{"embeddable":true,"href":"http:\/\/www.angela-martin.eu\/index.php?rest_route=%2Fwp%2Fv2%2Fcomments&post=95"}],"version-history":[{"count":35,"href":"http:\/\/www.angela-martin.eu\/index.php?rest_route=\/wp\/v2\/pages\/95\/revisions"}],"predecessor-version":[{"id":673,"href":"http:\/\/www.angela-martin.eu\/index.php?rest_route=\/wp\/v2\/pages\/95\/revisions\/673"}],"wp:attachment":[{"href":"http:\/\/www.angela-martin.eu\/index.php?rest_route=%2Fwp%2Fv2%2Fmedia&parent=95"}],"curies":[{"name":"wp","href":"https:\/\/api.w.org\/{rel}","templated":true}]}}