{"id":98,"date":"2012-02-20T10:53:17","date_gmt":"2012-02-20T10:53:17","guid":{"rendered":"http:\/\/www.angela-martin.eu\/wp\/?page_id=98"},"modified":"2021-10-31T22:29:45","modified_gmt":"2021-10-31T22:29:45","slug":"impressum-2","status":"publish","type":"page","link":"http:\/\/www.angela-martin.eu\/?page_id=98","title":{"rendered":"Impressum"},"content":{"rendered":"<h3>Verantwortlich f\u00fcr diese Website <\/h3>\n<p>Angela Martin<br \/>\nSkalitzer Str. 54 | 10997&nbsp; Berlin<br \/>\nTel. 030 618 7288<br \/>\n<a href=\"mailto:kontakt@angela-martin.eu\">kontakt@angela-martin.eu<\/a><br \/>\n<a title=\"Angela Martin\" href=\"http:\/\/www.angela-martin.eu\" target=\"_blank\">www.angela-martin.eu<\/a><\/p>\n<p><strong>Konzept, Design und technische Realisierung <\/strong><br \/>\nFrau Schroeder . B\u00fcro f\u00fcr&nbsp;Onlinekommunikation<br \/>\n<a href=\"https:\/\/www.frau-schroeder.de\/\" target=\"blank\">frau-schroeder.de<\/a><\/p>\n<p><strong>Foto &#8218;\u00dcber mich&#8216;<\/strong><br \/>\n<a href=\"https:\/\/fotostudioneukoelln.de\/\" target=\"_blank\"> fotostudioneukoelln.de<\/a><\/p>\n<p><strong>Haftungshinweis<\/strong><\/p>\n<p>Verantwortlich f\u00fcr die Website i.S.d. \u00a7 6 MDStV ist Angela Martin. S\u00e4mtliche Inhalte, Texte und Fotos unterliegen dem Schutz des Urheberrechts. Der Inhalt der Website darf nicht zu kommerziellen Zwecken kopiert, verbreitet, ver\u00e4ndert oder Dritten zug\u00e4nglich gemacht werden. Trotz sorgf\u00e4ltiger Kontrolle \u00fcbernehme ich keine Haftung f\u00fcr die Inhalte externer Links. Auch von mir erstellte Internetangebote k\u00f6nnen ohne mein Zutun \u00fcberarbeitet oder ver\u00e4ndert worden sein. Bei Unstimmigkeiten, gleich welcher Art, bitte ich um Benachrichtigung.<\/p>\n","protected":false},"excerpt":{"rendered":"<p>Verantwortlich f\u00fcr diese Website Angela Martin Skalitzer Str. 54 | 10997&nbsp; Berlin Tel. 030 618 7288 kontakt@angela-martin.eu www.angela-martin.eu Konzept, Design und technische Realisierung Frau Schroeder . B\u00fcro f\u00fcr&nbsp;Onlinekommunikation frau-schroeder.de Foto &#8218;\u00dcber mich&#8216; fotostudioneukoelln.de Haftungshinweis Verantwortlich f\u00fcr die Website i.S.d. \u00a7 &hellip; <a href=\"http:\/\/www.angela-martin.eu\/?page_id=98\">Weiterlesen <span class=\"meta-nav\">&rarr;<\/span><\/a><\/p>\n","protected":false},"author":1,"featured_media":0,"parent":0,"menu_order":0,"comment_status":"closed","ping_status":"closed","template":"","meta":{"ngg_post_thumbnail":0},"_links":{"self":[{"href":"http:\/\/www.angela-martin.eu\/index.php?rest_route=\/wp\/v2\/pages\/98"}],"collection":[{"href":"http:\/\/www.angela-martin.eu\/index.php?rest_route=\/wp\/v2\/pages"}],"about":[{"href":"http:\/\/www.angela-martin.eu\/index.php?rest_route=\/wp\/v2\/types\/page"}],"author":[{"embeddable":true,"href":"http:\/\/www.angela-martin.eu\/index.php?rest_route=\/wp\/v2\/users\/1"}],"replies":[{"embeddable":true,"href":"http:\/\/www.angela-martin.eu\/index.php?rest_route=%2Fwp%2Fv2%2Fcomments&post=98"}],"version-history":[{"count":18,"href":"http:\/\/www.angela-martin.eu\/index.php?rest_route=\/wp\/v2\/pages\/98\/revisions"}],"predecessor-version":[{"id":160,"href":"http:\/\/www.angela-martin.eu\/index.php?rest_route=\/wp\/v2\/pages\/98\/revisions\/160"}],"wp:attachment":[{"href":"http:\/\/www.angela-martin.eu\/index.php?rest_route=%2Fwp%2Fv2%2Fmedia&parent=98"}],"curies":[{"name":"wp","href":"https:\/\/api.w.org\/{rel}","templated":true}]}}