{"id":452,"date":"2018-06-21T16:26:31","date_gmt":"2018-06-21T16:26:31","guid":{"rendered":"http:\/\/www.angela-martin.eu\/?page_id=452"},"modified":"2021-11-01T13:06:46","modified_gmt":"2021-11-01T13:06:46","slug":"datenschutz","status":"publish","type":"page","link":"https:\/\/www.angela-martin.eu\/?page_id=452","title":{"rendered":"Datenschutzerkl\u00e4rung"},"content":{"rendered":"<h3>Datenschutz<\/h3>\n<p><strong>1. Name und Kontaktdaten des f\u00fcr die Verarbeitung Verantwortlichen<\/strong><\/p>\n<p>Diese Datenschutzinformation gilt f\u00fcr die Datenverarbeitung durch<\/p>\n<p>Angela Martin c\/o Berliner Geschichtswerkstatt<br \/>\nGoltzstr. 49, 10781 Berlin<br \/>\nTel. 030 618 7288<br \/>\n<a href=\"mailto:kontakt@angela-martin.eu\">kontakt@angela-martin.eu<\/a><\/p>\n<p>Als freiberufliche Einzelunternehmerin habe ich keinen separaten Datenschutzbeauftragten, habe aber nach bestem Wissen technische und organisatorische Ma\u00dfnahmen im Sinne der europ\u00e4ischen Datenschutzgrundverordnung (DSGVO) umgesetzt, um einen Schutz der \u00fcber diese Webseite erhobenen und verarbeiteten personenbezogenen Daten sicherzustellen. Absolute Sicherheit gibt es im Internet aber nicht. Sie k\u00f6nnen deswegen selbstverst\u00e4ndlich auch auf anderen Wegen, etwa per Telefon, an mich herantreten.<\/p>\n<p><strong>2. Erhebung und Speicherung personenbezogener Daten inkl. Art und Zweck der Verwendung der Daten<\/strong><\/p>\n<p>Erhoben und gespeichert werden bei Nutzung der Webseite www.angela-martin.eu&nbsp; personenbezogene Daten, die im Zusammenhang mit der Nutzung der Webseite&nbsp; anfallen. Diese Daten werden nicht von mir, sondern von dem Unternehmen erhoben und gespeichert, das die Webseite hostet.<\/p>\n<p>Wenn Sie diese Webseite nutzen, schickt der Internetbrowser, den Sie nutzen, automatisch Informationen an den Server der Webseite bei dem Unternehmen Hosteurope. Diese Informationen werden dort gem\u00e4\u00df den gesetzlichen Bestimmungen vor\u00fcbergehend in einer Protokolldatei (\u201eLog-File\u201c) gespeichert. Die Informationen, die ohne Ihr Zutun erfasst und bis zur automatischen L\u00f6schung gespeichert werden, sind gem\u00e4\u00df Datenschutzerkl\u00e4rung von Hosteurope Bestandsdaten, Nutzungsdaten und Inhaltsdaten, darunter in der Regel:<\/p>\n<p style=\"padding-left: 30px;\"><span style=\"color: #1fa79e;\">::<\/span> IP-Adresse Ihres Endger\u00e4ts<br \/>\n<span style=\"color: #1fa79e;\">::<\/span> Datum und Uhrzeit des Zugriffs<br \/>\n<span style=\"color: #1fa79e;\">::<\/span> Internetadresse (\u201eURL\u201c) der Webseite, von der aus der Zugriff erfolgt<br \/>\n<span style=\"color: #1fa79e;\">::<\/span> Name und URL von Dateien, die Sie ev. herunterladen<br \/>\n<span style=\"color: #1fa79e;\">::<\/span> Verwendeter Browser, Name Ihres Internet-Providers sowie Betriebssystem Ihres Endger\u00e4ts<\/p>\n<p>Diese und andere Bestands-, Nutzungs- und Inhaltsdaten werden von mir in keiner Weise dazu verwendet, R\u00fcckschl\u00fcsse auf Ihre Person zu ziehen. Die Datenverarbeitung erfolgt nach Art. 6 Abs. 1 S. 1 lit. f DSGVO, und zwar um<\/p>\n<p style=\"padding-left: 30px;\"><span style=\"color: #1fa79e;\">::<\/span> einen reibungslosen Verbindungsaufbau zu gew\u00e4hrleisten<br \/>\n<span style=\"color: #1fa79e;\">::<\/span> eine komfortable Nutzung der Webseite zu gew\u00e4hrleisten<br \/>\n<span style=\"color: #1fa79e;\">::<\/span> Webanalytik durchzuf\u00fchren und Zugriffsstatistiken zu erstellen<br \/>\n<span style=\"color: #1fa79e;\">::<\/span> Auswertungen zur Systemsicherheit und Systemstabilit\u00e4t und andere administrative Arbeiten zu erm\u00f6glichen<\/p>\n<p>Weitere Informationen zu spezifischen, vom Hosting unabh\u00e4ngigen Tools, die im Zusammenhang mit der Webseite genutzt bzw. nicht genutzt werden, erhalten Sie unter Punkt 4 und 5.<\/p>\n<p><strong>3. Weitergabe von Daten<\/strong><\/p>\n<p>Ich gebe pers\u00f6nliche Daten von Ihnen nicht an Dritte weiter, sofern Sie dazu nicht ausdr\u00fccklich Ihre Einwilligung auf der Grundlage von Art. 6 Abs. 1 S.1 lit a DSGVO erteilt haben oder die Weitergabe aufgrund einer gesetzlichen Verpflichtung nach Art. 6 Abs. 1 S. 1 lit. C DSGVO erfolgen muss.<\/p>\n<p><strong>4. Cookies<\/strong><\/p>\n<p>Die Webseite www.angela-martin.eu setzt und verwendet keine Cookies.<\/p>\n<p><strong>5. Analyse-Tools<\/strong><\/p>\n<p>Diese Webseite nutzt keine Analyse-Tools und f\u00fchrt kein Tracking durch. Eine automatisierte Entscheidungsfindung bzw. Profiling findet nicht statt.<\/p>\n<p><strong>6. Social Media Plugins<\/strong><\/p>\n<p>Die Webseite www.angela-martin.eu nutzt keine Social Media Plugins.<\/p>\n<p><strong>7. Betroffenenrechte<\/strong><\/p>\n<p>Gem\u00e4\u00df DSGVO haben Sie folgende Rechte in Bezug auf die Inhalte dieser Webseite und die erhobenen personenbezogenen Daten:<\/p>\n<p>Gem\u00e4\u00df Art. 15 DSGVO k\u00f6nnen Sie Auskunft \u00fcber Ihre von mir verarbeiteten personenbezogenen Daten verlangen, insbesondere dar\u00fcber, zu welchen Zwecken welche Daten verarbeitet werden, wie lange sie gespeichert werden und nach welcher Logik die Verarbeitung personenbezogener Daten erfolgt.<br \/>\nGem\u00e4\u00df Art. 16 DSGVO haben Sie das Recht, unverz\u00fcglich die Berichtigung Sie betreffender unrichtiger personenbezogener Daten zu verlangen. Sie haben auch das Recht, die Vervollst\u00e4ndigung unvollst\u00e4ndiger personenbezogener Daten \u2013 auch mittels einer erg\u00e4nzenden Erkl\u00e4rung \u2013 zu verlangen.<br \/>\nSie k\u00f6nnen gem\u00e4\u00df Art. 17 DSGVO die L\u00f6schung Ihrer bei uns gespeicherten personenbezogenen Daten verlangen, soweit nicht die Verarbeitung zur Aus\u00fcbung des Rechts auf freie Meinungs\u00e4u\u00dferung und Information, zur Erf\u00fcllung einer rechtlichen Verpflichtung, aus Gr\u00fcnden des \u00f6ffentlichen Interesses oder zur Geltendmachung, Aus\u00fcbung oder Verteidigung von Rechtsanspr\u00fcchen erforderlich ist.<br \/>\nSie k\u00f6nnen gem\u00e4\u00df Art. 18 DSGVO die Beschr\u00e4nkung der Verarbeitung Ihrer personenbezogenen Daten verlangen, soweit Sie die Richtigkeit der Daten bestreiten oder die Verarbeitung unrechtm\u00e4\u00dfig war, Sie eine L\u00f6sung aber ablehnen oder die Daten zur Geltendmachung, Aus\u00fcbung oder Verteidigung von Rechtsanspr\u00fcchen noch ben\u00f6tigen oder wenn Sie Widerspruch gegen die Verarbeitung gem\u00e4\u00df Art. 21 Abs. 1 DSGVO eingelegt haben.<br \/>\nSie haben gem\u00e4\u00df Art. 20 DSGVO das Recht, Sie betreffende personenbezogene Daten, die Sie zur Verf\u00fcgung gestellt haben, in einem strukturierten, g\u00e4ngigen und maschinenlesbaren Format zu erhalten, und Sie haben das Recht, diese Daten einem anderen Verantwortlichen ohne Behinderung zu \u00fcbermitteln.<br \/>\nSie k\u00f6nnen gem\u00e4\u00df Art. 7 Abs. 3 DSGVO einmal erteilte Einwilligungen jederzeit widerrufen. Dadurch wird aber die Rechtm\u00e4\u00dfigkeit der Verarbeitung bis zum Widerruf nicht ber\u00fchrt.<br \/>\nSie haben gem\u00e4\u00df Art. 77 DSGVO das Recht, sich bei einer Aufsichtsbeh\u00f6rde ihres gew\u00f6hnlichen Aufenthaltsorts, ihres Arbeitsplatzes oder des Orts des mutma\u00dflichen Versto\u00dfes zu beschweren.<\/p>\n<p><strong>8. Widerspruchsrecht<\/strong><\/p>\n<p>Sie haben gem\u00e4\u00df Art. 21 DSGVO das Recht, Widerspruch gegen die Verarbeitung Ihrer personenbezogenen Daten zu erheben, sofern Ihre personenbezogenen Daten von mir auf der Basis berechtigter Interessen gem\u00e4\u00df Art. 6 Abs. 1 S. 1 lit. F DSGVO verarbeitet und von uns keine zwingenden, schutzw\u00fcrdigen Gr\u00fcnde f\u00fcr die Verarbeitung nachgewiesen werden. M\u00f6chten Sie von Ihrem Widerrufs- oder Widerspruchsrecht Gebrauch machen, gen\u00fcgt eine E-Mail an&nbsp;<a href=\"mailto:kontakt@angela-martin.eu\">kontakt@angela-martin.eu<\/a>.<\/p>\n<p><strong>9. Datensicherheit<\/strong><\/p>\n<p>Zur Verbesserung Ihrer Sicherheit benutzt die Webseite www.angela-martin.eu&nbsp;im Einklang mit der DSGVO geeignete technische und organisatorische Sicherheitsma\u00dfnahmen, um Daten, die Sie zur Verf\u00fcgung gestellt haben, gegen Manipulation, teilweisen oder vollst\u00e4ndigen Verlust, Zerst\u00f6rung oder unbefugten Zugriff zu sch\u00fctzen.<\/p>\n<p><strong>10. Aktualisierung und \u00c4nderung der Datenschutzerkl\u00e4rung<\/strong><\/p>\n<p>Diese Datenschutzerkl\u00e4rung ist aktuell g\u00fcltig und hat den Stand Mai 2018. Das schlie\u00dft k\u00fcnftige \u00c4nderungen wegen technischer, gesetzlicher, beh\u00f6rdlicher oder anderer Vorgaben nicht aus. Die jeweils aktuelle Datenschutzerkl\u00e4rung kann jederzeit auf der Webseite unter www.angela-martin.eu\/datenschutz abgerufen und ausgedruckt werden.<\/p>\n","protected":false},"excerpt":{"rendered":"<p>Datenschutz 1. Name und Kontaktdaten des f\u00fcr die Verarbeitung Verantwortlichen Diese Datenschutzinformation gilt f\u00fcr die Datenverarbeitung durch Angela Martin c\/o Berliner Geschichtswerkstatt Goltzstr. 49, 10781 Berlin Tel. 030 618 7288 kontakt@angela-martin.eu Als freiberufliche Einzelunternehmerin habe ich keinen separaten Datenschutzbeauftragten, habe &hellip; <a href=\"https:\/\/www.angela-martin.eu\/?page_id=452\">Weiterlesen <span class=\"meta-nav\">&rarr;<\/span><\/a><\/p>\n","protected":false},"author":2,"featured_media":0,"parent":0,"menu_order":0,"comment_status":"closed","ping_status":"closed","template":"","meta":{"ngg_post_thumbnail":0},"_links":{"self":[{"href":"https:\/\/www.angela-martin.eu\/index.php?rest_route=\/wp\/v2\/pages\/452"}],"collection":[{"href":"https:\/\/www.angela-martin.eu\/index.php?rest_route=\/wp\/v2\/pages"}],"about":[{"href":"https:\/\/www.angela-martin.eu\/index.php?rest_route=\/wp\/v2\/types\/page"}],"author":[{"embeddable":true,"href":"https:\/\/www.angela-martin.eu\/index.php?rest_route=\/wp\/v2\/users\/2"}],"replies":[{"embeddable":true,"href":"https:\/\/www.angela-martin.eu\/index.php?rest_route=%2Fwp%2Fv2%2Fcomments&post=452"}],"version-history":[{"count":20,"href":"https:\/\/www.angela-martin.eu\/index.php?rest_route=\/wp\/v2\/pages\/452\/revisions"}],"predecessor-version":[{"id":689,"href":"https:\/\/www.angela-martin.eu\/index.php?rest_route=\/wp\/v2\/pages\/452\/revisions\/689"}],"wp:attachment":[{"href":"https:\/\/www.angela-martin.eu\/index.php?rest_route=%2Fwp%2Fv2%2Fmedia&parent=452"}],"curies":[{"name":"wp","href":"https:\/\/api.w.org\/{rel}","templated":true}]}}